{"id":544,"date":"2026-05-13T09:34:45","date_gmt":"2026-05-13T09:34:45","guid":{"rendered":"https:\/\/microtech-informatique.fr\/?page_id=544"},"modified":"2026-05-13T09:38:05","modified_gmt":"2026-05-13T09:38:05","slug":"tarifs-depannage-informatique","status":"publish","type":"page","link":"https:\/\/microtech-informatique.fr\/index.php\/tarifs-depannage-informatique\/","title":{"rendered":"tarifs-depannage-informatique"},"content":{"rendered":"\n<div class=\"wp-block-greenshift-blocks-row gspb_row gspb_row-id-gsbp-f10a5b4\" id=\"gspb_row-id-gsbp-f10a5b4\"><div class=\"gspb_row__content\"> \n<div class=\"wp-block-greenshift-blocks-row-column gspb_row__col--8 gspb_col-id-gsbp-c1a3381\" id=\"gspb_col-id-gsbp-c1a3381\">\n<h1 class=\"wp-block-heading alignfull has-text-align-left has-custom-red-color has-text-color has-link-color wp-elements-dae5aaa0e789142cbc92439e3cfd22d4\" id=\"nos-tarifs-pour-vos-depannages-informatiques\">Nos tarifs pour vos d\u00e9pannages informatiques<\/h1>\n\n\n\n<hr class=\"wp-block-separator alignfull has-text-color has-custom-red-color has-alpha-channel-opacity has-custom-red-background-color has-background\"\/>\n\n\n\n<p class=\"has-text-align-justify has-text-align-justify\">Les experts de notre magasin de <a href=\"https:\/\/www.informatique-microtech.fr\/fr\/accueil\">mat\u00e9riel informatique<\/a> se d\u00e9placent \u00e0 domicile ou au sein de votre entreprise pour assurer le d\u00e9pannage de tous vos \u00e9quipements. R\u00e9paration d\u2019ordinateurs, de smartphones, d\u2019imprimantes, d\u00e9pannage de r\u00e9seaux\u2026 Retrouvez sur cette page nos<strong>\u00a0tarifs pour tous d\u00e9pannages informatiques sur Lillebonne\u00a0<\/strong>et dans un rayon de 60km.<\/p>\n\n\n\n<div class=\"wp-block-greenshift-blocks-iconlist gspb_iconsList gspb_iconsList-id-gsbp-732adcf\" id=\"gspb_iconsList-id-gsbp-732adcf\"><div class=\"gspb_iconsList__item\" data-id=\"0\"><svg class=\"\" style=\"display:inline-block;vertical-align:middle\" width=\"18\" height=\"18\" viewBox=\"0 0 1024 1024\" xmlns=\"http:\/\/www.w3.org\/2000\/svg\"><path style=\"fill:#565D66\" d=\"M1008 512c0 273.934-222.066 496-496 496s-496-222.066-496-496 222.066-496 496-496 496 222.066 496 496zM454.628 774.628l368-368c12.496-12.496 12.496-32.758 0-45.254l-45.254-45.254c-12.496-12.498-32.758-12.498-45.256 0l-300.118 300.116-140.118-140.118c-12.496-12.496-32.758-12.496-45.256 0l-45.254 45.254c-12.496 12.496-12.496 32.758 0 45.254l208 208c12.498 12.498 32.758 12.498 45.256 0.002z\"><\/path><\/svg><span class=\"gspb_iconsList__item__text\">D\u00e9pannage en atelier : 30\u20ac TTC par demi-heure<\/span><\/div><div class=\"gspb_iconsList__item\" data-id=\"1\"><svg class=\"\" style=\"display:inline-block;vertical-align:middle\" width=\"18\" height=\"18\" viewBox=\"0 0 1024 1024\" xmlns=\"http:\/\/www.w3.org\/2000\/svg\"><path style=\"fill:#565D66\" d=\"M1008 512c0 273.934-222.066 496-496 496s-496-222.066-496-496 222.066-496 496-496 496 222.066 496 496zM454.628 774.628l368-368c12.496-12.496 12.496-32.758 0-45.254l-45.254-45.254c-12.496-12.498-32.758-12.498-45.256 0l-300.118 300.116-140.118-140.118c-12.496-12.496-32.758-12.496-45.256 0l-45.254 45.254c-12.496 12.496-12.496 32.758 0 45.254l208 208c12.498 12.498 32.758 12.498 45.256 0.002z\"><\/path><\/svg><span class=\"gspb_iconsList__item__text\">D\u00e9pannage sur site : 40\u20ac TTC par demi-heure (hors d\u00e9placement)<br><\/span><\/div><\/div>\n<\/div>\n\n\n\n<div class=\"wp-block-greenshift-blocks-row-column gspb_row__col--4 gspb_col-id-gsbp-3227b54\" id=\"gspb_col-id-gsbp-3227b54\">\n<div class=\"wp-block-greenshift-blocks-image gspb_image gspb_image-id-gsbp-cc3f8ac\" id=\"gspb_image-id-gsbp-cc3f8ac\"><img decoding=\"async\" src=\"http:\/\/microtech-informatique.fr\/wp-content\/uploads\/2026\/05\/vecteezy_service-center-repair-inspection-replacement-laptop_3313682-scaled.jpg\" data-src=\"\" alt=\"\" loading=\"lazy\" width=\"2560\" height=\"1707\"\/><\/div>\n<\/div>\n <\/div><\/div>\n","protected":false},"excerpt":{"rendered":"","protected":false},"author":1,"featured_media":0,"parent":0,"menu_order":0,"comment_status":"closed","ping_status":"closed","template":"page-no-title","meta":{"_gspb_post_css":"#gspb_row-id-gsbp-f10a5b4{justify-content:space-between;margin-top:0;margin-bottom:0;display:flex;flex-wrap:wrap}#gspb_row-id-gsbp-f10a5b4>.gspb_row__content{display:flex;justify-content:space-between;margin:0 auto;width:100%;flex-wrap:wrap;max-width:1200px}.gspb_row{position:relative}div[id^=gspb_col-id]{box-sizing:border-box;position:relative;padding:var(--gs-row-column-padding, 15px min(3vw, 20px))}#gspb_col-id-gsbp-c1a3381.gspb_row__col--8{width:66.66666666666667%}@media (max-width:575.98px){#gspb_col-id-gsbp-c1a3381.gspb_row__col--8{width:100%}}@media (min-width:992px){body.gspb-bodyfront #gspb_col-id-gsbp-c1a3381.gspb_row__col--8{width:calc(70% - 0px - 0px)}}#gspb_col-id-gsbp-3227b54.gspb_row__col--4{width:33.333333333333336%}@media (max-width:575.98px){#gspb_col-id-gsbp-3227b54.gspb_row__col--4{width:100%}}@media (min-width:992px){body.gspb-bodyfront #gspb_col-id-gsbp-3227b54.gspb_row__col--4{width:calc(30% - 0px - 0px)}}body #gspb_col-id-gsbp-3227b54.gspb_row__col--4{display:flex;flex-direction:column;justify-content:center;align-content:center;align-items:center}#gspb_image-id-gsbp-cc3f8ac img{object-fit:contain;vertical-align:top;display:inline-block;box-sizing:border-box;max-width:100%;height:auto}#gspb_iconsList-id-gsbp-732adcf.gspb_iconsList .gspb_iconsList__item__text{margin-left:15px}#gspb_iconsList-id-gsbp-732adcf.gspb_iconsList .gspb_iconsList__item{display:flex;flex-direction:row;align-items:center;position:relative}#gspb_iconsList-id-gsbp-732adcf.gspb_iconsList .gspb_iconsList__item svg path{fill:#2184f9!important}#gspb_iconsList-id-gsbp-732adcf.gspb_iconsList [data-id='0'] svg,#gspb_iconsList-id-gsbp-732adcf.gspb_iconsList [data-id='0'] svg path{fill:var(--wp--preset--color--custom-red, #e5322d)!important}#gspb_iconsList-id-gsbp-732adcf.gspb_iconsList [data-id='0'] svg,body #gspb_iconsList-id-gsbp-732adcf.gspb_iconsList .gspb_iconsList__item img,body #gspb_iconsList-id-gsbp-732adcf.gspb_iconsList .gspb_iconsList__item svg{margin:0!important}#gspb_iconsList-id-gsbp-732adcf.gspb_iconsList [data-id='1'] svg,#gspb_iconsList-id-gsbp-732adcf.gspb_iconsList [data-id='1'] svg path{fill:var(--wp--preset--color--custom-red, #e5322d)!important}#gspb_iconsList-id-gsbp-732adcf.gspb_iconsList [data-id='1'] svg{margin:0!important}","footnotes":""},"class_list":["post-544","page","type-page","status-publish","hentry"],"_links":{"self":[{"href":"https:\/\/microtech-informatique.fr\/index.php\/wp-json\/wp\/v2\/pages\/544","targetHints":{"allow":["GET"]}}],"collection":[{"href":"https:\/\/microtech-informatique.fr\/index.php\/wp-json\/wp\/v2\/pages"}],"about":[{"href":"https:\/\/microtech-informatique.fr\/index.php\/wp-json\/wp\/v2\/types\/page"}],"author":[{"embeddable":true,"href":"https:\/\/microtech-informatique.fr\/index.php\/wp-json\/wp\/v2\/users\/1"}],"replies":[{"embeddable":true,"href":"https:\/\/microtech-informatique.fr\/index.php\/wp-json\/wp\/v2\/comments?post=544"}],"version-history":[{"count":5,"href":"https:\/\/microtech-informatique.fr\/index.php\/wp-json\/wp\/v2\/pages\/544\/revisions"}],"predecessor-version":[{"id":551,"href":"https:\/\/microtech-informatique.fr\/index.php\/wp-json\/wp\/v2\/pages\/544\/revisions\/551"}],"wp:attachment":[{"href":"https:\/\/microtech-informatique.fr\/index.php\/wp-json\/wp\/v2\/media?parent=544"}],"curies":[{"name":"wp","href":"https:\/\/api.w.org\/{rel}","templated":true}]}}