{"id":530,"date":"2026-05-13T09:28:56","date_gmt":"2026-05-13T09:28:56","guid":{"rendered":"https:\/\/microtech-informatique.fr\/?page_id=530"},"modified":"2026-05-13T09:33:33","modified_gmt":"2026-05-13T09:33:33","slug":"reparation-de-telephone","status":"publish","type":"page","link":"https:\/\/microtech-informatique.fr\/index.php\/reparation-de-telephone\/","title":{"rendered":"reparation-de-telephone"},"content":{"rendered":"\n<section class=\"wp-block-greenshift-blocks-row alignfull gspb_row gspb_row-id-gsbp-0a3e82d\" id=\"gspb_row-id-gsbp-0a3e82d\"><div class=\"gspb_row__content\"> \n<div class=\"wp-block-greenshift-blocks-row-column gspb_row__col--12 gspb_col-id-gsbp-7041636\" id=\"gspb_col-id-gsbp-7041636\">\n<h1 class=\"wp-block-heading alignfull has-text-align-left has-custom-red-color has-text-color has-link-color wp-elements-a111d7d43ff79070f8c59d8dca05ffe8\" id=\"reparation-de-telephone-maintenance-et-depannage-informatique\">R\u00e9paration de t\u00e9l\u00e9phone, maintenance et d\u00e9pannage informatique<\/h1>\n\n\n\n<hr class=\"wp-block-separator alignfull has-text-color has-custom-red-color has-alpha-channel-opacity has-custom-red-background-color has-background\"\/>\n\n\n\n<p class=\"has-text-align-justify has-text-align-justify\">Votre boutique Micro\u2019Tech vous propose \u00e9galement des services de <strong>r\u00e9paration de t\u00e9l\u00e9phone sur Lillebonne<\/strong> et sa r\u00e9gion, ainsi que de maintenance et de d\u00e9pannage informatique. En atelier ou \u00e0 domicile, nos experts interviennent sur votre <a href=\"https:\/\/www.informatique-microtech.fr\/fr\/accueil\">mat\u00e9riel informatique<\/a> (r\u00e9paration d\u2019iPhone, de PC portables ou fixes) ainsi que sur vos r\u00e9seaux et serveurs. Professionnels, pensez \u00e0 nos contrats de maintenance informatique.<\/p>\n<\/div>\n <\/div><\/section>\n\n\n\n<div class=\"wp-block-greenshift-blocks-row gspb_row gspb_row-id-gsbp-f10a5b4\" id=\"gspb_row-id-gsbp-f10a5b4\"><div class=\"gspb_row__content\"> \n<div class=\"wp-block-greenshift-blocks-row-column gspb_row__col--8 gspb_col-id-gsbp-c1a3381\" id=\"gspb_col-id-gsbp-c1a3381\">\n<h2 class=\"wp-block-heading has-custom-red-color has-text-color has-link-color wp-elements-7ff9c9fc9f70070f0e673b65c77b1d68\" id=\"vente-de-materiel-informatique\">R\u00e9paration et d\u00e9pannage informatique<\/h2>\n\n\n\n<p class=\"has-text-align-justify has-text-align-justify\">Un probl\u00e8me sur votre PC portable, PC fixe, smartphone, tablette ou imprimante ? Rendez-vous en boutique ! Nos experts pourront ainsi examiner votre \u00e9quipement et effectuer la r\u00e9paration si possible. Vous ne pouvez pas vous d\u00e9placer ? Notre service de <strong>d\u00e9pannage informatique<\/strong> se d\u00e9place \u00e9galement \u00e0 domicile ou au sein de votre entreprise. Tr\u00e8s polyvalents, nous assurons la r\u00e9paration de smartphones, PC et \u00e9quipements de toutes marques et tous syst\u00e8mes.<\/p>\n\n\n\n<p class=\"has-text-align-justify has-text-align-justify\">Faites-vous une id\u00e9e de notre expertise en parcourant les avis sur nos services de techniciens informatiques.<\/p>\n<\/div>\n\n\n\n<div class=\"wp-block-greenshift-blocks-row-column gspb_row__col--4 gspb_col-id-gsbp-3227b54\" id=\"gspb_col-id-gsbp-3227b54\">\n<div class=\"wp-block-greenshift-blocks-image gspb_image gspb_image-id-gsbp-cc3f8ac\" id=\"gspb_image-id-gsbp-cc3f8ac\"><img decoding=\"async\" src=\"http:\/\/microtech-informatique.fr\/wp-content\/uploads\/2026\/05\/vecteezy_repairing-and-upgrade-mobile-phone-electronic-computer_26495809-scaled.jpg\" data-src=\"\" alt=\"\" loading=\"lazy\" width=\"2560\" height=\"1707\"\/><\/div>\n<\/div>\n <\/div><\/div>\n\n\n\n<div class=\"wp-block-greenshift-blocks-row gspb_row gspb_row-id-gsbp-2187c83\" id=\"gspb_row-id-gsbp-2187c83\"><div class=\"gspb_row__content\"> \n<div class=\"wp-block-greenshift-blocks-row-column gspb_row__col--8 gspb_col-id-gsbp-2189ba6\" id=\"gspb_col-id-gsbp-2189ba6\">\n<div class=\"wp-block-greenshift-blocks-image gspb_image gspb_image-id-gsbp-d205de7\" id=\"gspb_image-id-gsbp-d205de7\"><img decoding=\"async\" src=\"http:\/\/microtech-informatique.fr\/wp-content\/uploads\/2026\/05\/vecteezy_wizard-repairs-laptop-with-tools-and-hands_5072117-scaled.jpg\" data-src=\"\" alt=\"\" loading=\"lazy\" width=\"2500\" height=\"1367\"\/><\/div>\n<\/div>\n\n\n\n<div class=\"wp-block-greenshift-blocks-row-column gspb_row__col--4 gspb_col-id-gsbp-b794391\" id=\"gspb_col-id-gsbp-b794391\">\n<h2 class=\"wp-block-heading has-custom-red-color has-text-color has-link-color wp-elements-853ed01edb264aaebc853eaf563a7189\" id=\"vente-de-materiel-informatique\">Installation et maintenance de r\u00e9seaux<\/h2>\n\n\n\n<p class=\"has-text-align-justify has-text-align-justify\">Techniciens exp\u00e9riment\u00e9s, nous pouvons \u00e9galement intervenir pour la mise en place et le d\u00e9pannage de vos serveurs et r\u00e9seaux informatiques divers. Pour une installation priv\u00e9e ou professionnelle, nous pouvons mettre en place des r\u00e9seaux sur mesure, parfaitement adapt\u00e9s \u00e0 vos besoins. Nous pouvons \u00e9galement vous proposer des contrats de maintenance et d\u00e9pannage informatique afin de vous assurer le bon fonctionnement de votre r\u00e9seau comme de vos \u00e9quipements.<\/p>\n\n\n\n<p>D\u00e9couvrez nos <a href=\"https:\/\/www.informatique-microtech.fr\/fr\/tarifs-depannage-informatique\">tarifs pour un d\u00e9pannage informatique<\/a>!<\/p>\n\n\n\n<p>Pensez aussi \u00e0 parcourir les \u00e9quipements neufs et d\u2019occasion disponibles dans notre <a href=\"https:\/\/www.informatique-microtech.fr\/fr\/magasin-informatique\">magasin informatique<\/a>.<\/p>\n\n\n\n<p class=\"has-text-align-justify has-text-align-justify\">Vous souhaitez en savoir plus sur nos services de vente et d\u00e9pannage de mat\u00e9riel ? <a href=\"https:\/\/www.informatique-microtech.fr\/fr\/contact-magasin-informatique\">Contactez notre magasin informatique<\/a>. Situ\u00e9s \u00e0 Lillebonne, nous intervenons dans un rayon de 60km, notamment sur les secteurs de Rouen, Le Havre et Le Graven\u00e7on.<\/p>\n<\/div>\n <\/div><\/div>\n","protected":false},"excerpt":{"rendered":"","protected":false},"author":1,"featured_media":0,"parent":0,"menu_order":0,"comment_status":"closed","ping_status":"closed","template":"page-no-title","meta":{"_gspb_post_css":"#gspb_row-id-gsbp-0a3e82d,#gspb_row-id-gsbp-f10a5b4{justify-content:space-between;margin-top:0;margin-bottom:0;display:flex;flex-wrap:wrap}#gspb_row-id-gsbp-0a3e82d>.gspb_row__content{display:flex;justify-content:space-between;margin:0 auto;width:100%;flex-wrap:wrap;max-width:1200px}.gspb_row{position:relative}div[id^=gspb_col-id]{box-sizing:border-box;position:relative;padding:var(--gs-row-column-padding, 15px min(3vw, 20px))}#gspb_col-id-gsbp-7041636.gspb_row__col--12{width:100%}@media (max-width:575.98px){#gspb_col-id-gsbp-7041636.gspb_row__col--12{width:100%}}#gspb_row-id-gsbp-f10a5b4>.gspb_row__content{display:flex;margin:0 auto;width:100%;flex-wrap:wrap;max-width:1200px;align-items:center;justify-content:center}#gspb_row-id-gsbp-f10a5b4{align-content:center}#gspb_col-id-gsbp-c1a3381.gspb_row__col--8{width:66.66666666666667%}@media (max-width:575.98px){#gspb_col-id-gsbp-c1a3381.gspb_row__col--8{width:100%}}@media (min-width:992px){body.gspb-bodyfront #gspb_col-id-gsbp-c1a3381.gspb_row__col--8{width:calc(53% - 0px - 0px)}}#gspb_col-id-gsbp-3227b54.gspb_row__col--4{width:33.333333333333336%}@media (max-width:575.98px){#gspb_col-id-gsbp-3227b54.gspb_row__col--4{width:100%}}@media (min-width:992px){body.gspb-bodyfront #gspb_col-id-gsbp-3227b54.gspb_row__col--4{width:calc(47% - 0px - 0px)}}body #gspb_col-id-gsbp-3227b54.gspb_row__col--4{display:flex;flex-direction:column;justify-content:center;align-content:center;align-items:center}#gspb_image-id-gsbp-cc3f8ac img,#gspb_image-id-gsbp-d205de7 img{object-fit:contain;vertical-align:top;display:inline-block;box-sizing:border-box;max-width:100%;height:auto}#gspb_image-id-gsbp-d205de7 img{vertical-align:middle;width:2500px}#gspb_image-id-gsbp-d205de7{height:auto}@media (max-width:991.98px){#gspb_image-id-gsbp-d205de7,#gspb_image-id-gsbp-d205de7 img{height:auto}}@media (max-width:767.98px){#gspb_image-id-gsbp-d205de7,#gspb_image-id-gsbp-d205de7 img{height:auto}}@media (max-width:575.98px){#gspb_image-id-gsbp-d205de7,#gspb_image-id-gsbp-d205de7 img{height:auto}}#gspb_row-id-gsbp-2187c83{justify-content:space-between;margin-top:0;margin-bottom:0;display:flex;flex-wrap:wrap;align-content:center}#gspb_row-id-gsbp-2187c83>.gspb_row__content{display:flex;justify-content:space-between;margin:0 auto;width:100%;flex-wrap:wrap;max-width:1200px;align-items:center}#gspb_col-id-gsbp-2189ba6.gspb_row__col--8{width:66.66666666666667%}@media (max-width:575.98px){#gspb_col-id-gsbp-2189ba6.gspb_row__col--8{width:100%}}@media (min-width:992px){body.gspb-bodyfront #gspb_col-id-gsbp-2189ba6.gspb_row__col--8{width:calc(40% - 0px - 0px)}}#gspb_col-id-gsbp-b794391.gspb_row__col--4{width:33.333333333333336%}@media (max-width:575.98px){#gspb_col-id-gsbp-b794391.gspb_row__col--4{width:100%}}@media (min-width:992px){body.gspb-bodyfront #gspb_col-id-gsbp-b794391.gspb_row__col--4{width:calc(60% - 0px - 0px)}}","footnotes":""},"class_list":["post-530","page","type-page","status-publish","hentry"],"_links":{"self":[{"href":"https:\/\/microtech-informatique.fr\/index.php\/wp-json\/wp\/v2\/pages\/530","targetHints":{"allow":["GET"]}}],"collection":[{"href":"https:\/\/microtech-informatique.fr\/index.php\/wp-json\/wp\/v2\/pages"}],"about":[{"href":"https:\/\/microtech-informatique.fr\/index.php\/wp-json\/wp\/v2\/types\/page"}],"author":[{"embeddable":true,"href":"https:\/\/microtech-informatique.fr\/index.php\/wp-json\/wp\/v2\/users\/1"}],"replies":[{"embeddable":true,"href":"https:\/\/microtech-informatique.fr\/index.php\/wp-json\/wp\/v2\/comments?post=530"}],"version-history":[{"count":9,"href":"https:\/\/microtech-informatique.fr\/index.php\/wp-json\/wp\/v2\/pages\/530\/revisions"}],"predecessor-version":[{"id":543,"href":"https:\/\/microtech-informatique.fr\/index.php\/wp-json\/wp\/v2\/pages\/530\/revisions\/543"}],"wp:attachment":[{"href":"https:\/\/microtech-informatique.fr\/index.php\/wp-json\/wp\/v2\/media?parent=530"}],"curies":[{"name":"wp","href":"https:\/\/api.w.org\/{rel}","templated":true}]}}